{"id":227,"date":"2022-09-14T09:13:48","date_gmt":"2022-09-14T09:13:48","guid":{"rendered":"https:\/\/www.amimetal.com.tr\/?page_id=227"},"modified":"2022-09-18T09:34:00","modified_gmt":"2022-09-18T09:34:00","slug":"electrical-insulation-enamel","status":"publish","type":"page","link":"https:\/\/amimetal.com.tr\/tr\/electrical-insulation-enamel\/","title":{"rendered":"Elektrik yal\u0131t\u0131m emaye"},"content":{"rendered":"<div data-elementor-type=\"wp-page\" data-elementor-id=\"227\" class=\"elementor elementor-227\" data-elementor-post-type=\"page\">\n\t\t\t\t\t\t<section class=\"elementor-section elementor-top-section elementor-element elementor-element-799877a elementor-section-boxed elementor-section-height-default elementor-section-height-default\" data-id=\"799877a\" data-element_type=\"section\" data-settings=\"{&quot;ekit_has_onepagescroll_dot&quot;:&quot;yes&quot;}\">\n\t\t\t\t\t\t<div class=\"elementor-container elementor-column-gap-default\">\n\t\t\t\t\t<div class=\"elementor-column elementor-col-100 elementor-top-column elementor-element elementor-element-d916214\" data-id=\"d916214\" data-element_type=\"column\">\n\t\t\t<div class=\"elementor-widget-wrap elementor-element-populated\">\n\t\t\t\t\t\t<div class=\"elementor-element elementor-element-f578090 elementor-widget elementor-widget-spacer\" data-id=\"f578090\" data-element_type=\"widget\" data-settings=\"{&quot;ekit_we_effect_on&quot;:&quot;none&quot;}\" data-widget_type=\"spacer.default\">\n\t\t\t\t<div class=\"elementor-widget-container\">\n\t\t\t\t\t\t\t<div class=\"elementor-spacer\">\n\t\t\t<div class=\"elementor-spacer-inner\"><\/div>\n\t\t<\/div>\n\t\t\t\t\t\t<\/div>\n\t\t\t\t<\/div>\n\t\t\t\t<div class=\"elementor-element elementor-element-309876f elementor-headline--style-highlight elementor-widget elementor-widget-animated-headline\" data-id=\"309876f\" data-element_type=\"widget\" data-settings=\"{&quot;marker&quot;:&quot;underline_zigzag&quot;,&quot;highlighted_text&quot;:&quot;insulation enamel&quot;,&quot;headline_style&quot;:&quot;highlight&quot;,&quot;loop&quot;:&quot;yes&quot;,&quot;highlight_animation_duration&quot;:1200,&quot;highlight_iteration_delay&quot;:8000,&quot;ekit_we_effect_on&quot;:&quot;none&quot;}\" data-widget_type=\"animated-headline.default\">\n\t\t\t\t<div class=\"elementor-widget-container\">\n\t\t\t\t\t\t\t<h2 class=\"elementor-headline\">\n\t\t\t\t\t<span class=\"elementor-headline-plain-text elementor-headline-text-wrapper\">Elektrik <\/span>\n\t\t\t\t<span class=\"elementor-headline-dynamic-wrapper elementor-headline-text-wrapper\">\n\t\t\t\t\t<span class=\"elementor-headline-dynamic-text elementor-headline-text-active\">yal\u0131t\u0131m emaye<\/span>\n\t\t\t\t<\/span>\n\t\t\t\t<\/h2>\n\t\t\t\t\t\t<\/div>\n\t\t\t\t<\/div>\n\t\t\t\t<div class=\"elementor-element elementor-element-713f40d elementor-widget elementor-widget-spacer\" data-id=\"713f40d\" data-element_type=\"widget\" data-settings=\"{&quot;ekit_we_effect_on&quot;:&quot;none&quot;}\" data-widget_type=\"spacer.default\">\n\t\t\t\t<div class=\"elementor-widget-container\">\n\t\t\t\t\t\t\t<div class=\"elementor-spacer\">\n\t\t\t<div class=\"elementor-spacer-inner\"><\/div>\n\t\t<\/div>\n\t\t\t\t\t\t<\/div>\n\t\t\t\t<\/div>\n\t\t\t\t<div class=\"elementor-element elementor-element-fce0fc4 elementor--h-position-center elementor--v-position-middle elementor-arrows-position-inside elementor-pagination-position-inside elementor-widget elementor-widget-slides\" data-id=\"fce0fc4\" data-element_type=\"widget\" data-settings=\"{&quot;navigation&quot;:&quot;both&quot;,&quot;autoplay&quot;:&quot;yes&quot;,&quot;pause_on_hover&quot;:&quot;yes&quot;,&quot;pause_on_interaction&quot;:&quot;yes&quot;,&quot;autoplay_speed&quot;:5000,&quot;infinite&quot;:&quot;yes&quot;,&quot;transition&quot;:&quot;slide&quot;,&quot;transition_speed&quot;:500,&quot;ekit_we_effect_on&quot;:&quot;none&quot;}\" data-widget_type=\"slides.default\">\n\t\t\t\t<div class=\"elementor-widget-container\">\n\t\t\t\t\t\t\t<div class=\"elementor-swiper\">\n\t\t\t<div class=\"elementor-slides-wrapper elementor-main-swiper swiper\" dir=\"ltr\" data-animation=\"fadeInUp\">\n\t\t\t\t<div class=\"swiper-wrapper elementor-slides\">\n\t\t\t\t\t\t\t\t\t\t<div class=\"elementor-repeater-item-14ff096 swiper-slide\"><div class=\"swiper-slide-bg\" role=\"img\"><\/div><div class=\"swiper-slide-inner\" ><div class=\"swiper-slide-contents\"><\/div><\/div><\/div><div class=\"elementor-repeater-item-b9da12a swiper-slide\"><div class=\"swiper-slide-bg\" role=\"img\"><\/div><div class=\"swiper-slide-inner\" ><div class=\"swiper-slide-contents\"><\/div><\/div><\/div>\t\t\t\t<\/div>\n\t\t\t\t\t\t\t\t\t\t\t\t\t\t\t<div class=\"swiper-pagination\"><\/div>\n\t\t\t\t\t\t\t\t\t\t\t\t\t\t\t\t<div class=\"elementor-swiper-button elementor-swiper-button-prev\" role=\"button\" tabindex=\"0\">\n\t\t\t\t\t\t\t<i aria-hidden=\"true\" class=\"eicon-chevron-left\"><\/i>\t\t\t\t\t\t\t<span class=\"elementor-screen-only\">Previous slide<\/span>\n\t\t\t\t\t\t<\/div>\n\t\t\t\t\t\t<div class=\"elementor-swiper-button elementor-swiper-button-next\" role=\"button\" tabindex=\"0\">\n\t\t\t\t\t\t\t<i aria-hidden=\"true\" class=\"eicon-chevron-right\"><\/i>\t\t\t\t\t\t\t<span class=\"elementor-screen-only\">Next slide<\/span>\n\t\t\t\t\t\t<\/div>\n\t\t\t\t\t\t\t\t\t\t\t\t<\/div>\n\t\t<\/div>\n\t\t\t\t\t\t<\/div>\n\t\t\t\t<\/div>\n\t\t\t\t\t<\/div>\n\t\t<\/div>\n\t\t\t\t\t<\/div>\n\t\t<\/section>\n\t\t\t\t<section class=\"elementor-section elementor-top-section elementor-element elementor-element-6273a5c elementor-section-boxed elementor-section-height-default elementor-section-height-default\" data-id=\"6273a5c\" data-element_type=\"section\" data-settings=\"{&quot;ekit_has_onepagescroll_dot&quot;:&quot;yes&quot;}\">\n\t\t\t\t\t\t<div class=\"elementor-container elementor-column-gap-default\">\n\t\t\t\t\t<div class=\"elementor-column elementor-col-100 elementor-top-column elementor-element elementor-element-d3e64e1\" data-id=\"d3e64e1\" data-element_type=\"column\">\n\t\t\t<div class=\"elementor-widget-wrap elementor-element-populated\">\n\t\t\t\t\t\t<div class=\"elementor-element elementor-element-8efe4d7 elementor-widget elementor-widget-text-editor\" data-id=\"8efe4d7\" data-element_type=\"widget\" data-settings=\"{&quot;ekit_we_effect_on&quot;:&quot;none&quot;}\" data-widget_type=\"text-editor.default\">\n\t\t\t\t<div class=\"elementor-widget-container\">\n\t\t\t\t\t\t\t\t\t<p>Motorlarda, trafolarda, jenerat\u00f6rlerde ve elektriksel \u00f6l\u00e7\u00fc aletlerinde kullan\u0131lan bak\u0131r ve al\u00fcminyum tellerde elektrik izolasyon emayesi kullan\u0131lmaktad\u0131r. Tellere \u0131s\u0131 uygulanarak g\u00fc\u00e7lendirilir ve elektriksel yal\u0131t\u0131m kaplamas\u0131 \u00f6zelli\u011fine sahiptir. Kaplamal\u0131 tellere \u201cm\u0131knat\u0131s teli\u201d denir.<\/p><p><strong>Elektrik yal\u0131t\u0131m emaye ile yal\u0131t\u0131lm\u0131\u015f teller<\/strong><\/p><p>Bak\u0131r ve al\u00fcminyum tellere 30 kata kadar elektrik izolasyon emaye uygulanarak uygun bir elektrik izolasyon tabakas\u0131 olu\u015fturulur.<\/p><p>Bu \u00fcr\u00fcn \u00e7ok iyi kimyasal ve termal dirence sahip olmal\u0131, bak\u0131r veya al\u00fcminyum tele iyi yap\u0131\u015fmal\u0131 ve m\u00fckemmel mekanik stabiliteye sahip olmal\u0131d\u0131r. Baz\u0131 durumlarda, \u00f6rne\u011fin inverter elektrik motorlar\u0131nda kullan\u0131ld\u0131\u011f\u0131nda, uygun yal\u0131t\u0131m katman\u0131, k\u0131sa devreye neden olabilecek ve motora zarar verebilecek olas\u0131 bir k\u0131smi de\u015farja dayanmal\u0131d\u0131r.<\/p><p>AM\u0130 METAL SANAY\u0130 VE D\u0130\u015e T\u0130CARET LTD'nin uluslararas\u0131 tel m\u0131knat\u0131s end\u00fcstrisi ile yak\u0131n ili\u015fkisi sayesinde \u015firket, yeni teknolojileri ve \u00fcretim s\u00fcre\u00e7lerini s\u00fcrekli olarak takip edebilmekte ve \u00fcr\u00fcn portf\u00f6y\u00fcn\u00fc pazar\u0131n de\u011fi\u015fen ihtiya\u00e7lar\u0131na g\u00f6re uyarlayabilmektedir.<\/p><p>Kimyasal olarak, elektriksel yal\u0131t\u0131m emaye aral\u0131\u011f\u0131 poli\u00fcretan, polyester, polyester amid, poliamid imid i\u00e7erir. Kat\u0131 i\u00e7eri\u011fi aral\u0131\u011f\u0131 yakla\u015f\u0131k %8'den ba\u015flar ve 'ta (1g\/1saat\/180\u00b0C) biter ve viskozite aral\u0131\u011f\u0131 30 ila 60.000 mPas aras\u0131ndad\u0131r (23\u00b0C'de).<\/p>\t\t\t\t\t\t\t\t<\/div>\n\t\t\t\t<\/div>\n\t\t\t\t<div class=\"elementor-element elementor-element-9903000 elementor-widget elementor-widget-elementskit-tablepress\" data-id=\"9903000\" data-element_type=\"widget\" data-settings=\"{&quot;ekit_we_effect_on&quot;:&quot;none&quot;}\" data-widget_type=\"elementskit-tablepress.default\">\n\t\t\t\t<div class=\"elementor-widget-container\">\n\t\t\t\t\t<div class=\"elemenetskit-tablepress ekit-wid-con\" id=\"ekit_tablepress_9903000\"><div id=\"tablepress-7-scroll-wrapper\" class=\"tablepress-scroll-wrapper\">\n\n<table id=\"tablepress-7\" class=\"tablepress tablepress-id-7 tablepress-responsive\">\n<thead>\n<tr class=\"row-1 odd\">\n\t<th colspan=\"3\" class=\"column-1\">Elektrik Yal\u0131t\u0131m Emaye<\/th>\n<\/tr>\n<\/thead>\n<tbody class=\"row-hover\">\n<tr class=\"row-2 even\">\n\t<td class=\"column-1\">\u00dcr\u00fcn<\/td><td class=\"column-2\">Kat\u0131 \u0130\u00e7erik<br \/>\n(1g-1h-180\u00b0C)<\/td><td class=\"column-3\">viskozite<br \/>\n@20\u00b0C - mPas<\/td>\n<\/tr>\n<tr class=\"row-3 odd\">\n\t<td class=\"column-1\">Lehimlenebilir 13070RR40<\/td><td class=\"column-2\">38-40%<\/td><td class=\"column-3\">1000-1600<\/td>\n<\/tr>\n<tr class=\"row-4 even\">\n\t<td class=\"column-1\">Lehimlenebilir 13080CR40<\/td><td class=\"column-2\">37-39%<\/td><td class=\"column-3\">1000-1700<\/td>\n<\/tr>\n<tr class=\"row-5 odd\">\n\t<td class=\"column-1\">Lehimlenebilir 13080RA25<\/td><td class=\"column-2\">24-26%<\/td><td class=\"column-3\">95-135<\/td>\n<\/tr>\n<tr class=\"row-6 even\">\n\t<td class=\"column-1\">Lehimlenebilir 13070RA35<\/td><td class=\"column-2\">33-35%<\/td><td class=\"column-3\">400-600<\/td>\n<\/tr>\n<tr class=\"row-7 odd\">\n\t<td class=\"column-1\">PE 19862AC44<\/td><td class=\"column-2\">42-44%<\/td><td class=\"column-3\">1000-1400<\/td>\n<\/tr>\n<tr class=\"row-8 even\">\n\t<td class=\"column-1\">PE 19862CG38<\/td><td class=\"column-2\">37-39%<\/td><td class=\"column-3\">2350-3150<\/td>\n<\/tr>\n<tr class=\"row-9 odd\">\n\t<td class=\"column-1\">PAI 19902IB24<\/td><td class=\"column-2\">23-25%<\/td><td class=\"column-3\">100-150<\/td>\n<\/tr>\n<tr class=\"row-10 even\">\n\t<td class=\"column-1\">PAI 19902LC30<\/td><td class=\"column-2\">29-31%<\/td><td class=\"column-3\">400-600<\/td>\n<\/tr>\n<tr class=\"row-11 odd\">\n\t<td class=\"column-1\">PAI 19902LC38<\/td><td class=\"column-2\">37-39%<\/td><td class=\"column-3\">1600-2400<\/td>\n<\/tr>\n<tr class=\"row-12 even\">\n\t<td class=\"column-1\">PAI 19902ME27<\/td><td class=\"column-2\">26-28%<\/td><td class=\"column-3\">2200-2800<\/td>\n<\/tr>\n<tr class=\"row-13 odd\">\n\t<td class=\"column-1\">PAI 19902SN24<\/td><td class=\"column-2\">23-25%<\/td><td class=\"column-3\">100-150<\/td>\n<\/tr>\n<tr class=\"row-14 even\">\n\t<td class=\"column-1\">PEI 19960MC40<\/td><td class=\"column-2\">38.5-40.5%<\/td><td class=\"column-3\">1050-1750<\/td>\n<\/tr>\n<tr class=\"row-15 odd\">\n\t<td class=\"column-1\">PEI 19960MC44<\/td><td class=\"column-2\">43-45%<\/td><td class=\"column-3\">2800-4400<\/td>\n<\/tr>\n<tr class=\"row-16 even\">\n\t<td class=\"column-1\">PEI 19960MM40<\/td><td class=\"column-2\">39-41%<\/td><td class=\"column-3\">550-850<\/td>\n<\/tr>\n<tr class=\"row-17 odd\">\n\t<td class=\"column-1\">PEI 19960MM45<\/td><td class=\"column-2\">41.5-43.5%<\/td><td class=\"column-3\">1000-2000<\/td>\n<\/tr>\n<tr class=\"row-18 even\">\n\t<td class=\"column-1\">Lehimlenebilir NYLOAFB13<\/td><td class=\"column-2\">12-13.5%<\/td><td class=\"column-3\">300-800<\/td>\n<\/tr>\n<tr class=\"row-19 odd\">\n\t<td class=\"column-1\">Lehimlenebilir NYLOAFB16<\/td><td class=\"column-2\">14-16%<\/td><td class=\"column-3\">1200-2200<\/td>\n<\/tr>\n<tr class=\"row-20 even\">\n\t<td class=\"column-1\">PEI 199650C37<\/td><td class=\"column-2\">35.5-37.5%<\/td><td class=\"column-3\">700-1000<\/td>\n<\/tr>\n<tr class=\"row-21 odd\">\n\t<td class=\"column-1\">Polimit 73000<\/td><td class=\"column-2\">14.5-15.5%<\/td><td class=\"column-3\">3000-6000<\/td>\n<\/tr>\n<tr class=\"row-22 even\">\n\t<td class=\"column-1\">Polimit 73701<\/td><td class=\"column-2\">12.4-13.4%<\/td><td class=\"column-3\">600-1200<\/td>\n<\/tr>\n<tr class=\"row-23 odd\">\n\t<td class=\"column-1\">19670 Emaye<\/td><td class=\"column-2\">15-17%<\/td><td class=\"column-3\">160-260<\/td>\n<\/tr>\n<tr class=\"row-24 even\">\n\t<td class=\"column-1\">19670 Emaye<\/td><td class=\"column-2\">21-23%<\/td><td class=\"column-3\">800-1200<\/td>\n<\/tr>\n<tr class=\"row-25 odd\">\n\t<td class=\"column-1\">19670 Emaye<\/td><td class=\"column-2\">23.5-25.5%<\/td><td class=\"column-3\">1200-2200<\/td>\n<\/tr>\n<tr class=\"row-26 even\">\n\t<td class=\"column-1\">19670 Emaye<\/td><td class=\"column-2\">26-28%<\/td><td class=\"column-3\">2300-3500<\/td>\n<\/tr>\n<tr class=\"row-27 odd\">\n\t<td class=\"column-1\">19670 Emaye<\/td><td class=\"column-2\">29-31%<\/td><td class=\"column-3\">4000-7000<\/td>\n<\/tr>\n<tr class=\"row-28 even\">\n\t<td class=\"column-1\">Astar 19672<\/td><td class=\"column-2\">15-17%<\/td><td class=\"column-3\">160-260<\/td>\n<\/tr>\n<tr class=\"row-29 odd\">\n\t<td class=\"column-1\">Astar 19672<\/td><td class=\"column-2\">23.5-25.5%<\/td><td class=\"column-3\">1200-2200<\/td>\n<\/tr>\n<tr class=\"row-30 even\">\n\t<td class=\"column-1\">Astar 19672<\/td><td class=\"column-2\">26-28%<\/td><td class=\"column-3\">2300-3500<\/td>\n<\/tr>\n<tr class=\"row-31 odd\">\n\t<td class=\"column-1\">Astar 19672<\/td><td class=\"column-2\">29-31%<\/td><td class=\"column-3\">4000-7000<\/td>\n<\/tr>\n<tr class=\"row-32 even\">\n\t<td class=\"column-1\">Astar 19673 AA<\/td><td class=\"column-2\">23-25%<\/td><td class=\"column-3\">1400-2400<\/td>\n<\/tr>\n<tr class=\"row-33 odd\">\n\t<td class=\"column-1\">Astar 19673 AA<\/td><td class=\"column-2\">19-21%<\/td><td class=\"column-3\">500-1000<\/td>\n<\/tr>\n<\/tbody>\n<\/table>\n\n<\/div><!-- #tablepress-7 from cache --><\/div>\t\t\t\t<\/div>\n\t\t\t\t<\/div>\n\t\t\t\t<div class=\"elementor-element elementor-element-2c04044 elementor-widget elementor-widget-elementskit-tablepress\" data-id=\"2c04044\" data-element_type=\"widget\" data-settings=\"{&quot;ekit_we_effect_on&quot;:&quot;none&quot;}\" data-widget_type=\"elementskit-tablepress.default\">\n\t\t\t\t<div class=\"elementor-widget-container\">\n\t\t\t\t\t<div class=\"elemenetskit-tablepress ekit-wid-con\" id=\"ekit_tablepress_2c04044\"><div id=\"tablepress-8-scroll-wrapper\" class=\"tablepress-scroll-wrapper\">\n\n<table id=\"tablepress-8\" class=\"tablepress tablepress-id-8 tablepress-responsive\">\n<thead>\n<tr class=\"row-1 odd\">\n\t<th colspan=\"4\" class=\"column-1\">Kaplama Tipi<\/th>\n<\/tr>\n<\/thead>\n<tbody class=\"row-hover\">\n<tr class=\"row-2 even\">\n\t<td class=\"column-1\">MTL DSG<\/td><td class=\"column-2\">Baz Kat<\/td><td class=\"column-3\">OC<\/td><td class=\"column-4\">dizin<\/td>\n<\/tr>\n<tr class=\"row-3 odd\">\n\t<td class=\"column-1\">13070<\/td><td class=\"column-2\">Poli\u00fcretan<\/td><td class=\"column-3\">-<\/td><td class=\"column-4\">155<\/td>\n<\/tr>\n<tr class=\"row-4 even\">\n\t<td class=\"column-1\">13080<\/td><td class=\"column-2\">Poli\u00fcretan<\/td><td class=\"column-3\">-<\/td><td class=\"column-4\">180<\/td>\n<\/tr>\n<tr class=\"row-5 odd\">\n\t<td class=\"column-1\">13080\/19670<\/td><td class=\"column-2\">Poli\u00fcretan<\/td><td class=\"column-3\">Yap\u0131\u015ft\u0131r\u0131labilir<br \/>\npoliamid<\/td><td class=\"column-4\">180<\/td>\n<\/tr>\n<tr class=\"row-6 even\">\n\t<td class=\"column-1\">19960\/19902\/19670<\/td><td class=\"column-2\">polyesterimid<\/td><td class=\"column-3\">poliamid-imid<\/td><td class=\"column-4\">200<\/td>\n<\/tr>\n<tr class=\"row-7 odd\">\n\t<td class=\"column-1\">13080\/19600<\/td><td class=\"column-2\">Poli\u00fcretan<\/td><td class=\"column-3\">poliamid<\/td><td class=\"column-4\">180<\/td>\n<\/tr>\n<tr class=\"row-8 even\">\n\t<td class=\"column-1\">19902<\/td><td class=\"column-2\">poliamid-imid<\/td><td class=\"column-3\">-<\/td><td class=\"column-4\">220<\/td>\n<\/tr>\n<tr class=\"row-9 odd\">\n\t<td class=\"column-1\">19960<\/td><td class=\"column-2\">Polyester-imid<\/td><td class=\"column-3\">-<\/td><td class=\"column-4\">220<\/td>\n<\/tr>\n<tr class=\"row-10 even\">\n\t<td class=\"column-1\">19862\/19902<\/td><td class=\"column-2\">Polyester<\/td><td class=\"column-3\">poliamid-imid<\/td><td class=\"column-4\">220<\/td>\n<\/tr>\n<tr class=\"row-11 odd\">\n\t<td class=\"column-1\">19960\/19902<\/td><td class=\"column-2\">Polyester-imid<\/td><td class=\"column-3\">poliamid-imid<\/td><td class=\"column-4\">220<\/td>\n<\/tr>\n<tr class=\"row-12 even\">\n\t<td class=\"column-1\">19828\/19902\/19654<\/td><td class=\"column-2\">lehimlenebilir<br \/>\nPolyester-imid<\/td><td class=\"column-3\">poliamid-imid<\/td><td class=\"column-4\">180<\/td>\n<\/tr>\n<tr class=\"row-13 odd\">\n\t<td class=\"column-1\">505\/1753\/1754<\/td><td class=\"column-2\">Modifiye Edilmi\u015f<br \/>\nPolyester-imid<\/td><td class=\"column-3\">-<\/td><td class=\"column-4\">200<\/td>\n<\/tr>\n<tr class=\"row-14 even\">\n\t<td class=\"column-1\">506\/406\/606\/1766<\/td><td class=\"column-2\">Polyester<\/td><td class=\"column-3\">poliamid-imid<\/td><td class=\"column-4\">200<\/td>\n<\/tr>\n<tr class=\"row-15 odd\">\n\t<td class=\"column-1\">505XX\/1753XX\/1754XX\/606XX<\/td><td class=\"column-2\">Modifiye Edilmi\u015f<br \/>\nPolyester-imid<\/td><td class=\"column-3\">poliamid-imid<\/td><td class=\"column-4\">240<\/td>\n<\/tr>\n<\/tbody>\n<\/table>\n\n<\/div><!-- #tablepress-8 from cache --><\/div>\t\t\t\t<\/div>\n\t\t\t\t<\/div>\n\t\t\t\t\t<\/div>\n\t\t<\/div>\n\t\t\t\t\t<\/div>\n\t\t<\/section>\n\t\t\t\t<\/div>","protected":false},"excerpt":{"rendered":"<p>Electrical insulation enamel Previous Next Electrical insulation enamel is used on copper and aluminum wires that are used in motors, transformers, generators and electrical measuring instruments. By applying heat on the wires, they are strengthened and have the property of electrical insulation coating. Coated wires are called \u201cmagnet wire\u201d. Wires insulated by electrical insulation enamel [&hellip;]<\/p>","protected":false},"author":2,"featured_media":0,"parent":0,"menu_order":0,"comment_status":"closed","ping_status":"closed","template":"elementor_theme","meta":{"footnotes":""},"class_list":["post-227","page","type-page","status-publish","hentry"],"_links":{"self":[{"href":"https:\/\/amimetal.com.tr\/tr\/wp-json\/wp\/v2\/pages\/227","targetHints":{"allow":["GET"]}}],"collection":[{"href":"https:\/\/amimetal.com.tr\/tr\/wp-json\/wp\/v2\/pages"}],"about":[{"href":"https:\/\/amimetal.com.tr\/tr\/wp-json\/wp\/v2\/types\/page"}],"author":[{"embeddable":true,"href":"https:\/\/amimetal.com.tr\/tr\/wp-json\/wp\/v2\/users\/2"}],"replies":[{"embeddable":true,"href":"https:\/\/amimetal.com.tr\/tr\/wp-json\/wp\/v2\/comments?post=227"}],"version-history":[{"count":13,"href":"https:\/\/amimetal.com.tr\/tr\/wp-json\/wp\/v2\/pages\/227\/revisions"}],"predecessor-version":[{"id":389,"href":"https:\/\/amimetal.com.tr\/tr\/wp-json\/wp\/v2\/pages\/227\/revisions\/389"}],"wp:attachment":[{"href":"https:\/\/amimetal.com.tr\/tr\/wp-json\/wp\/v2\/media?parent=227"}],"curies":[{"name":"wp","href":"https:\/\/api.w.org\/{rel}","templated":true}]}}