{"id":199,"date":"2022-09-14T08:32:52","date_gmt":"2022-09-14T08:32:52","guid":{"rendered":"https:\/\/www.amimetal.com.tr\/?page_id=199"},"modified":"2022-09-18T09:34:51","modified_gmt":"2022-09-18T09:34:51","slug":"cold-rolled-steel-sheets","status":"publish","type":"page","link":"https:\/\/amimetal.com.tr\/tr\/cold-rolled-steel-sheets\/","title":{"rendered":"So\u011fuk haddelenmi\u015f \u00e7elik levhalar"},"content":{"rendered":"<div data-elementor-type=\"wp-page\" data-elementor-id=\"199\" class=\"elementor elementor-199\" data-elementor-post-type=\"page\">\n\t\t\t\t\t\t<section class=\"elementor-section elementor-top-section elementor-element elementor-element-799877a elementor-section-boxed elementor-section-height-default elementor-section-height-default\" data-id=\"799877a\" data-element_type=\"section\" data-settings=\"{&quot;ekit_has_onepagescroll_dot&quot;:&quot;yes&quot;}\">\n\t\t\t\t\t\t<div class=\"elementor-container elementor-column-gap-default\">\n\t\t\t\t\t<div class=\"elementor-column elementor-col-100 elementor-top-column elementor-element elementor-element-d916214\" data-id=\"d916214\" data-element_type=\"column\">\n\t\t\t<div class=\"elementor-widget-wrap elementor-element-populated\">\n\t\t\t\t\t\t<div class=\"elementor-element elementor-element-f578090 elementor-widget elementor-widget-spacer\" data-id=\"f578090\" data-element_type=\"widget\" data-settings=\"{&quot;ekit_we_effect_on&quot;:&quot;none&quot;}\" data-widget_type=\"spacer.default\">\n\t\t\t\t<div class=\"elementor-widget-container\">\n\t\t\t\t\t\t\t<div class=\"elementor-spacer\">\n\t\t\t<div class=\"elementor-spacer-inner\"><\/div>\n\t\t<\/div>\n\t\t\t\t\t\t<\/div>\n\t\t\t\t<\/div>\n\t\t\t\t<div class=\"elementor-element elementor-element-309876f elementor-headline--style-highlight elementor-widget elementor-widget-animated-headline\" data-id=\"309876f\" data-element_type=\"widget\" data-settings=\"{&quot;marker&quot;:&quot;underline_zigzag&quot;,&quot;highlighted_text&quot;:&quot;Cold rolled&quot;,&quot;headline_style&quot;:&quot;highlight&quot;,&quot;loop&quot;:&quot;yes&quot;,&quot;highlight_animation_duration&quot;:1200,&quot;highlight_iteration_delay&quot;:8000,&quot;ekit_we_effect_on&quot;:&quot;none&quot;}\" data-widget_type=\"animated-headline.default\">\n\t\t\t\t<div class=\"elementor-widget-container\">\n\t\t\t\t\t\t\t<h2 class=\"elementor-headline\">\n\t\t\t\t<span class=\"elementor-headline-dynamic-wrapper elementor-headline-text-wrapper\">\n\t\t\t\t\t<span class=\"elementor-headline-dynamic-text elementor-headline-text-active\">So\u011fuk haddelenmi\u015f<\/span>\n\t\t\t\t<\/span>\n\t\t\t\t\t<span class=\"elementor-headline-plain-text elementor-headline-text-wrapper\">\u00e7elik levhalar<\/span>\n\t\t\t\t\t<\/h2>\n\t\t\t\t\t\t<\/div>\n\t\t\t\t<\/div>\n\t\t\t\t<div class=\"elementor-element elementor-element-713f40d elementor-widget elementor-widget-spacer\" data-id=\"713f40d\" data-element_type=\"widget\" data-settings=\"{&quot;ekit_we_effect_on&quot;:&quot;none&quot;}\" data-widget_type=\"spacer.default\">\n\t\t\t\t<div class=\"elementor-widget-container\">\n\t\t\t\t\t\t\t<div class=\"elementor-spacer\">\n\t\t\t<div class=\"elementor-spacer-inner\"><\/div>\n\t\t<\/div>\n\t\t\t\t\t\t<\/div>\n\t\t\t\t<\/div>\n\t\t\t\t\t<\/div>\n\t\t<\/div>\n\t\t\t\t\t<\/div>\n\t\t<\/section>\n\t\t\t\t<section class=\"elementor-section elementor-top-section elementor-element elementor-element-6273a5c elementor-section-boxed elementor-section-height-default elementor-section-height-default\" data-id=\"6273a5c\" data-element_type=\"section\" data-settings=\"{&quot;ekit_has_onepagescroll_dot&quot;:&quot;yes&quot;}\">\n\t\t\t\t\t\t<div class=\"elementor-container elementor-column-gap-default\">\n\t\t\t\t\t<div class=\"elementor-column elementor-col-100 elementor-top-column elementor-element elementor-element-d3e64e1\" data-id=\"d3e64e1\" data-element_type=\"column\">\n\t\t\t<div class=\"elementor-widget-wrap elementor-element-populated\">\n\t\t\t\t\t\t<div class=\"elementor-element elementor-element-8efe4d7 elementor-widget elementor-widget-text-editor\" data-id=\"8efe4d7\" data-element_type=\"widget\" data-settings=\"{&quot;ekit_we_effect_on&quot;:&quot;none&quot;}\" data-widget_type=\"text-editor.default\">\n\t\t\t\t<div class=\"elementor-widget-container\">\n\t\t\t\t\t\t\t\t\tSo\u011fuk haddelenmi\u015f rulo \u00fcr\u00fcnleri uzun y\u0131llard\u0131r m\u00fc\u015fterilerin hizmetine sunulmu\u015ftur ve \u00e7e\u015fitli alanlarda ba\u015far\u0131yla kullan\u0131lmaktad\u0131r. \u00c7ok \u00e7e\u015fitli so\u011fuk haddelenmi\u015f rulo \u00fcr\u00fcnleri, beyaz e\u015fya par\u00e7alar\u0131, buzdolaplar\u0131, \u00e7ama\u015f\u0131r makineleri, kurutucular, di\u011fer daha k\u00fc\u00e7\u00fck par\u00e7alar, arabalar\u0131n a\u00e7\u0131kta kalan k\u0131s\u0131mlar\u0131n\u0131 ve i\u00e7 aksam\u0131n\u0131 i\u00e7eren aksamlar\u0131, elektrik motorlar\u0131 ve k\u00fcvetlerin \u00fcretiminde kullan\u0131lmaktad\u0131r.\n\t\t\t\t\t\t\t\t<\/div>\n\t\t\t\t<\/div>\n\t\t\t\t<div class=\"elementor-element elementor-element-4192372 elementor-widget elementor-widget-heading\" data-id=\"4192372\" data-element_type=\"widget\" data-settings=\"{&quot;ekit_we_effect_on&quot;:&quot;none&quot;}\" data-widget_type=\"heading.default\">\n\t\t\t\t<div class=\"elementor-widget-container\">\n\t\t\t\t\t<h5 class=\"elementor-heading-title elementor-size-default\">\u00f6zellikler\n<\/h5>\t\t\t\t<\/div>\n\t\t\t\t<\/div>\n\t\t\t\t<div class=\"elementor-element elementor-element-d02398d elementor-icon-list--layout-traditional elementor-list-item-link-full_width elementor-widget elementor-widget-icon-list\" data-id=\"d02398d\" data-element_type=\"widget\" data-settings=\"{&quot;ekit_we_effect_on&quot;:&quot;none&quot;}\" data-widget_type=\"icon-list.default\">\n\t\t\t\t<div class=\"elementor-widget-container\">\n\t\t\t\t\t\t\t<ul class=\"elementor-icon-list-items\">\n\t\t\t\t\t\t\t<li class=\"elementor-icon-list-item\">\n\t\t\t\t\t\t\t\t\t\t\t<span class=\"elementor-icon-list-icon\">\n\t\t\t\t\t\t\t<i aria-hidden=\"true\" class=\"fas fa-check\"><\/i>\t\t\t\t\t\t<\/span>\n\t\t\t\t\t\t\t\t\t\t<span class=\"elementor-icon-list-text\">Uzunluk: 600-2000 mm<\/span>\n\t\t\t\t\t\t\t\t\t<\/li>\n\t\t\t\t\t\t\t\t<li class=\"elementor-icon-list-item\">\n\t\t\t\t\t\t\t\t\t\t\t<span class=\"elementor-icon-list-icon\">\n\t\t\t\t\t\t\t<i aria-hidden=\"true\" class=\"fas fa-check\"><\/i>\t\t\t\t\t\t<\/span>\n\t\t\t\t\t\t\t\t\t\t<span class=\"elementor-icon-list-text\">Kal\u0131nl\u0131k: 2-3 mm<\/span>\n\t\t\t\t\t\t\t\t\t<\/li>\n\t\t\t\t\t\t\t\t<li class=\"elementor-icon-list-item\">\n\t\t\t\t\t\t\t\t\t\t\t<span class=\"elementor-icon-list-icon\">\n\t\t\t\t\t\t\t<i aria-hidden=\"true\" class=\"fas fa-check\"><\/i>\t\t\t\t\t\t<\/span>\n\t\t\t\t\t\t\t\t\t\t<span class=\"elementor-icon-list-text\">Geni\u015flik: bobin veya kesim<\/span>\n\t\t\t\t\t\t\t\t\t<\/li>\n\t\t\t\t\t\t\t\t<li class=\"elementor-icon-list-item\">\n\t\t\t\t\t\t\t\t\t\t\t<span class=\"elementor-icon-list-icon\">\n\t\t\t\t\t\t\t<i aria-hidden=\"true\" class=\"fas fa-check\"><\/i>\t\t\t\t\t\t<\/span>\n\t\t\t\t\t\t\t\t\t\t<span class=\"elementor-icon-list-text\">Standart DIN 1623 JIS G 3141 EN 10130 EN 10131 ASTMA 568<\/span>\n\t\t\t\t\t\t\t\t\t<\/li>\n\t\t\t\t\t\t\t\t<li class=\"elementor-icon-list-item\">\n\t\t\t\t\t\t\t\t\t\t\t<span class=\"elementor-icon-list-icon\">\n\t\t\t\t\t\t\t<i aria-hidden=\"true\" class=\"fas fa-check\"><\/i>\t\t\t\t\t\t<\/span>\n\t\t\t\t\t\t\t\t\t\t<span class=\"elementor-icon-list-text\">Derecelendirme SPCC, SPCD, SPCE SAPH 370, SAPH 400, SAPH 440, St 12 St 37<\/span>\n\t\t\t\t\t\t\t\t\t<\/li>\n\t\t\t\t\t\t<\/ul>\n\t\t\t\t\t\t<\/div>\n\t\t\t\t<\/div>\n\t\t\t\t<div class=\"elementor-element elementor-element-9903000 elementor-widget elementor-widget-elementskit-tablepress\" data-id=\"9903000\" data-element_type=\"widget\" data-settings=\"{&quot;ekit_we_effect_on&quot;:&quot;none&quot;}\" data-widget_type=\"elementskit-tablepress.default\">\n\t\t\t\t<div class=\"elementor-widget-container\">\n\t\t\t\t\t<div class=\"elemenetskit-tablepress ekit-wid-con\" id=\"ekit_tablepress_9903000\"><div id=\"tablepress-5-scroll-wrapper\" class=\"tablepress-scroll-wrapper\">\n\n<table id=\"tablepress-5\" class=\"tablepress tablepress-id-5 tablepress-responsive\">\n<thead>\n<tr class=\"row-1 odd\">\n\t<th colspan=\"6\" class=\"column-1\">Kimyasal bile\u015fim<\/th>\n<\/tr>\n<\/thead>\n<tbody class=\"row-hover\">\n<tr class=\"row-2 even\">\n\t<td colspan=\"2\" class=\"column-1\">Kalite<\/td><td colspan=\"4\" class=\"column-3\">Bile\u015fen, Y\u00fczde, Maks<\/td>\n<\/tr>\n<tr class=\"row-3 odd\">\n\t<td class=\"column-1\">atama<\/td><td class=\"column-2\">\u0130sim<\/td><td class=\"column-3\">Karbon<\/td><td class=\"column-4\">Manganez<\/td><td class=\"column-5\">K\u00fck\u00fcrt<\/td><td class=\"column-6\">Fosfor<\/td>\n<\/tr>\n<tr class=\"row-4 even\">\n\t<td class=\"column-1\">CR0<\/td><td class=\"column-2\">Sert<\/td><td class=\"column-3\">0.25<\/td><td class=\"column-4\">1.7<\/td><td class=\"column-5\">0.045<\/td><td class=\"column-6\">0.05<\/td>\n<\/tr>\n<tr class=\"row-5 odd\">\n\t<td class=\"column-1\">CR1<\/td><td class=\"column-2\">Reklam<\/td><td class=\"column-3\">0.15<\/td><td class=\"column-4\">0.6<\/td><td class=\"column-5\">0.04<\/td><td class=\"column-6\">0.05<\/td>\n<\/tr>\n<tr class=\"row-6 even\">\n\t<td class=\"column-1\">CR2<\/td><td class=\"column-2\">Resim \u00e7izme<\/td><td class=\"column-3\">0.12<\/td><td class=\"column-4\">0.5<\/td><td class=\"column-5\">0.035<\/td><td class=\"column-6\">0.04<\/td>\n<\/tr>\n<tr class=\"row-7 odd\">\n\t<td class=\"column-1\">CR3<\/td><td class=\"column-2\">Derin \u00e7izim<\/td><td class=\"column-3\">0.1<\/td><td class=\"column-4\">0.45<\/td><td class=\"column-5\">0.03<\/td><td class=\"column-6\">0.025<\/td>\n<\/tr>\n<tr class=\"row-8 even\">\n\t<td class=\"column-1\">CR4<\/td><td class=\"column-2\">Ekstra Derin \u00c7ekme<br \/>\nAl\u00fcminyum \u00d6ld\u00fcr\u00fcld\u00fc<\/td><td class=\"column-3\">0.08<\/td><td class=\"column-4\">0.4<\/td><td class=\"column-5\">0.03<\/td><td class=\"column-6\">0.02<\/td>\n<\/tr>\n<tr class=\"row-9 odd\">\n\t<td class=\"column-1\">CR5<\/td><td class=\"column-2\">Ekstra Derin \u00c7ekme<\/td><td class=\"column-3\">0.06<\/td><td class=\"column-4\">0.25<\/td><td class=\"column-5\">0.02<\/td><td class=\"column-6\">0.02<\/td>\n<\/tr>\n<\/tbody>\n<\/table>\n\n<\/div><!-- #tablepress-5 from cache --><\/div>\t\t\t\t<\/div>\n\t\t\t\t<\/div>\n\t\t\t\t<div class=\"elementor-element elementor-element-2c04044 elementor-widget elementor-widget-elementskit-tablepress\" data-id=\"2c04044\" data-element_type=\"widget\" data-settings=\"{&quot;ekit_we_effect_on&quot;:&quot;none&quot;}\" data-widget_type=\"elementskit-tablepress.default\">\n\t\t\t\t<div class=\"elementor-widget-container\">\n\t\t\t\t\t<div class=\"elemenetskit-tablepress ekit-wid-con\" id=\"ekit_tablepress_2c04044\"><div id=\"tablepress-6-scroll-wrapper\" class=\"tablepress-scroll-wrapper\">\n\n<table id=\"tablepress-6\" class=\"tablepress tablepress-id-6 tablepress-responsive\">\n<tbody class=\"row-hover\">\n<tr class=\"row-1 odd\">\n\t<td rowspan=\"4\" class=\"column-1\">\u00d6zellikler<\/td><td class=\"column-2\">Standart<\/td><td colspan=\"3\" class=\"column-3\">DIN 1623, JIS G 3141, EN 10130, EN 10131<br \/>\nASTMA 568<\/td>\n<\/tr>\n<tr class=\"row-2 even\">\n\t<td class=\"column-2\">Seviye<\/td><td colspan=\"3\" class=\"column-3\">SPCC, SPCD, SPCE, SAPH 370, SAPH 400, SAPH 440<br \/>\nSt 12, St 37<\/td>\n<\/tr>\n<tr class=\"row-3 odd\">\n\t<td rowspan=\"2\" class=\"column-2\">Boyut<\/td><td class=\"column-3\">Uzunluk (mm)<\/td><td class=\"column-4\">Kal\u0131nl\u0131k (mm)<\/td><td class=\"column-5\">Geni\u015flik<\/td>\n<\/tr>\n<tr class=\"row-4 even\">\n\t<td class=\"column-3\">600-2000<\/td><td class=\"column-4\">2021-02-03 00:00:00<\/td><td class=\"column-5\">bobin | kesme<\/td>\n<\/tr>\n<\/tbody>\n<\/table>\n\n<\/div><!-- #tablepress-6 from cache --><\/div>\t\t\t\t<\/div>\n\t\t\t\t<\/div>\n\t\t\t\t\t<\/div>\n\t\t<\/div>\n\t\t\t\t\t<\/div>\n\t\t<\/section>\n\t\t\t\t<\/div>","protected":false},"excerpt":{"rendered":"<p>Cold rolled steel sheets Cold rolled coils products have been available to customers for many years and are successfully used in various fields. Cold rolled coils products with a wide variety, in the production of household appliance parts, refrigerators, washing machines, dryers, other smaller parts, parts of cars that include exposed parts and internal parts, [&hellip;]<\/p>","protected":false},"author":2,"featured_media":0,"parent":0,"menu_order":0,"comment_status":"closed","ping_status":"closed","template":"elementor_theme","meta":{"footnotes":""},"class_list":["post-199","page","type-page","status-publish","hentry"],"_links":{"self":[{"href":"https:\/\/amimetal.com.tr\/tr\/wp-json\/wp\/v2\/pages\/199","targetHints":{"allow":["GET"]}}],"collection":[{"href":"https:\/\/amimetal.com.tr\/tr\/wp-json\/wp\/v2\/pages"}],"about":[{"href":"https:\/\/amimetal.com.tr\/tr\/wp-json\/wp\/v2\/types\/page"}],"author":[{"embeddable":true,"href":"https:\/\/amimetal.com.tr\/tr\/wp-json\/wp\/v2\/users\/2"}],"replies":[{"embeddable":true,"href":"https:\/\/amimetal.com.tr\/tr\/wp-json\/wp\/v2\/comments?post=199"}],"version-history":[{"count":23,"href":"https:\/\/amimetal.com.tr\/tr\/wp-json\/wp\/v2\/pages\/199\/revisions"}],"predecessor-version":[{"id":390,"href":"https:\/\/amimetal.com.tr\/tr\/wp-json\/wp\/v2\/pages\/199\/revisions\/390"}],"wp:attachment":[{"href":"https:\/\/amimetal.com.tr\/tr\/wp-json\/wp\/v2\/media?parent=199"}],"curies":[{"name":"wp","href":"https:\/\/api.w.org\/{rel}","templated":true}]}}