{"id":186,"date":"2022-09-14T08:25:31","date_gmt":"2022-09-14T08:25:31","guid":{"rendered":"https:\/\/www.amimetal.com.tr\/?page_id=186"},"modified":"2022-09-14T08:32:11","modified_gmt":"2022-09-14T08:32:11","slug":"non-grain-oriented-electrical-steel-sheets","status":"publish","type":"page","link":"https:\/\/amimetal.com.tr\/tr\/non-grain-oriented-electrical-steel-sheets\/","title":{"rendered":"Tah\u0131l odakl\u0131 olmayan elektrikli \u00e7elik saclar"},"content":{"rendered":"<div data-elementor-type=\"wp-page\" data-elementor-id=\"186\" class=\"elementor elementor-186\" data-elementor-post-type=\"page\">\n\t\t\t\t\t\t<section class=\"elementor-section elementor-top-section elementor-element elementor-element-799877a elementor-section-boxed elementor-section-height-default elementor-section-height-default\" data-id=\"799877a\" data-element_type=\"section\" data-settings=\"{&quot;ekit_has_onepagescroll_dot&quot;:&quot;yes&quot;}\">\n\t\t\t\t\t\t<div class=\"elementor-container elementor-column-gap-default\">\n\t\t\t\t\t<div class=\"elementor-column elementor-col-100 elementor-top-column elementor-element elementor-element-d916214\" data-id=\"d916214\" data-element_type=\"column\">\n\t\t\t<div class=\"elementor-widget-wrap elementor-element-populated\">\n\t\t\t\t\t\t<div class=\"elementor-element elementor-element-f578090 elementor-widget elementor-widget-spacer\" data-id=\"f578090\" data-element_type=\"widget\" data-settings=\"{&quot;ekit_we_effect_on&quot;:&quot;none&quot;}\" data-widget_type=\"spacer.default\">\n\t\t\t\t<div class=\"elementor-widget-container\">\n\t\t\t\t\t\t\t<div class=\"elementor-spacer\">\n\t\t\t<div class=\"elementor-spacer-inner\"><\/div>\n\t\t<\/div>\n\t\t\t\t\t\t<\/div>\n\t\t\t\t<\/div>\n\t\t\t\t<div class=\"elementor-element elementor-element-309876f elementor-headline--style-highlight elementor-widget elementor-widget-animated-headline\" data-id=\"309876f\" data-element_type=\"widget\" data-settings=\"{&quot;marker&quot;:&quot;underline_zigzag&quot;,&quot;highlighted_text&quot;:&quot;Non-grain oriented&quot;,&quot;headline_style&quot;:&quot;highlight&quot;,&quot;loop&quot;:&quot;yes&quot;,&quot;highlight_animation_duration&quot;:1200,&quot;highlight_iteration_delay&quot;:8000,&quot;ekit_we_effect_on&quot;:&quot;none&quot;}\" data-widget_type=\"animated-headline.default\">\n\t\t\t\t<div class=\"elementor-widget-container\">\n\t\t\t\t\t\t\t<h2 class=\"elementor-headline\">\n\t\t\t\t<span class=\"elementor-headline-dynamic-wrapper elementor-headline-text-wrapper\">\n\t\t\t\t\t<span class=\"elementor-headline-dynamic-text elementor-headline-text-active\">Tah\u0131l odakl\u0131 olmayan<\/span>\n\t\t\t\t<\/span>\n\t\t\t\t\t<span class=\"elementor-headline-plain-text elementor-headline-text-wrapper\"> elektrikli \u00e7elik saclar<\/span>\n\t\t\t\t\t<\/h2>\n\t\t\t\t\t\t<\/div>\n\t\t\t\t<\/div>\n\t\t\t\t<div class=\"elementor-element elementor-element-713f40d elementor-widget elementor-widget-spacer\" data-id=\"713f40d\" data-element_type=\"widget\" data-settings=\"{&quot;ekit_we_effect_on&quot;:&quot;none&quot;}\" data-widget_type=\"spacer.default\">\n\t\t\t\t<div class=\"elementor-widget-container\">\n\t\t\t\t\t\t\t<div class=\"elementor-spacer\">\n\t\t\t<div class=\"elementor-spacer-inner\"><\/div>\n\t\t<\/div>\n\t\t\t\t\t\t<\/div>\n\t\t\t\t<\/div>\n\t\t\t\t\t<\/div>\n\t\t<\/div>\n\t\t\t\t\t<\/div>\n\t\t<\/section>\n\t\t\t\t<section class=\"elementor-section elementor-top-section elementor-element elementor-element-6273a5c elementor-section-boxed elementor-section-height-default elementor-section-height-default\" data-id=\"6273a5c\" data-element_type=\"section\" data-settings=\"{&quot;ekit_has_onepagescroll_dot&quot;:&quot;yes&quot;}\">\n\t\t\t\t\t\t<div class=\"elementor-container elementor-column-gap-default\">\n\t\t\t\t\t<div class=\"elementor-column elementor-col-100 elementor-top-column elementor-element elementor-element-d3e64e1\" data-id=\"d3e64e1\" data-element_type=\"column\">\n\t\t\t<div class=\"elementor-widget-wrap elementor-element-populated\">\n\t\t\t\t\t\t<div class=\"elementor-element elementor-element-8efe4d7 elementor-widget elementor-widget-text-editor\" data-id=\"8efe4d7\" data-element_type=\"widget\" data-settings=\"{&quot;ekit_we_effect_on&quot;:&quot;none&quot;}\" data-widget_type=\"text-editor.default\">\n\t\t\t\t<div class=\"elementor-widget-container\">\n\t\t\t\t\t\t\t\t\tGenellikle %2 ila 3.5 silikon i\u00e7erir ve levhada her y\u00f6ne benzer manyetik \u00f6zelliklere sahiptir. Bu tip sac esas olarak motorlar, jenerat\u00f6rler, dinamolar, balastlar, k\u00fc\u00e7\u00fck transformat\u00f6rler ve di\u011fer elektromanyetik cihazlar i\u00e7in kullan\u0131l\u0131r.\n\t\t\t\t\t\t\t\t<\/div>\n\t\t\t\t<\/div>\n\t\t\t\t<div class=\"elementor-element elementor-element-80005ed elementor-widget elementor-widget-elementskit-tablepress\" data-id=\"80005ed\" data-element_type=\"widget\" data-settings=\"{&quot;ekit_we_effect_on&quot;:&quot;none&quot;}\" data-widget_type=\"elementskit-tablepress.default\">\n\t\t\t\t<div class=\"elementor-widget-container\">\n\t\t\t\t\t<div class=\"elemenetskit-tablepress ekit-wid-con\" id=\"ekit_tablepress_80005ed\"><div id=\"tablepress-4-scroll-wrapper\" class=\"tablepress-scroll-wrapper\">\n\n<table id=\"tablepress-4\" class=\"tablepress tablepress-id-4 tablepress-responsive\">\n<thead>\n<tr class=\"row-1 odd\">\n\t<th colspan=\"7\" class=\"column-1\">So\u011fuk Haddelenmi\u015f  Tah\u0131l Odakl\u0131 Olmayan<\/th>\n<\/tr>\n<\/thead>\n<tbody class=\"row-hover\">\n<tr class=\"row-2 even\">\n\t<td rowspan=\"2\" class=\"column-1\">Kaliteler<\/td><td rowspan=\"2\" class=\"column-2\">\u00f6zdiren\u00e7<br \/>\n(\u00b5\u2126-cm)<\/td><td colspan=\"2\" class=\"column-3\">Demir Kayb\u0131 (W\/kg)<\/td><td colspan=\"3\" class=\"column-5\">Manyetik Ak\u0131 Yo\u011funlu\u011fu (T)<\/td>\n<\/tr>\n<tr class=\"row-3 odd\">\n\t<td class=\"column-3\">W10\/50               <\/td><td class=\"column-4\">W15\/50<\/td><td class=\"column-5\">B52<\/td><td class=\"column-6\">B50<\/td><td class=\"column-7\">B100<\/td>\n<\/tr>\n<tr class=\"row-4 even\">\n\t<td class=\"column-1\">35CS300<\/td><td class=\"column-2\">48<\/td><td class=\"column-3\">1.15<\/td><td class=\"column-4\">2.51<\/td><td class=\"column-5\">1.59<\/td><td class=\"column-6\">1.67<\/td><td class=\"column-7\">1.79<\/td>\n<\/tr>\n<tr class=\"row-5 odd\">\n\t<td class=\"column-1\">35CS360<\/td><td class=\"column-2\">39<\/td><td class=\"column-3\">1.36<\/td><td class=\"column-4\">3.08<\/td><td class=\"column-5\">1.6<\/td><td class=\"column-6\">1.68<\/td><td class=\"column-7\">1.8<\/td>\n<\/tr>\n<tr class=\"row-6 even\">\n\t<td class=\"column-1\">50CS400<\/td><td class=\"column-2\">44<\/td><td class=\"column-3\">1.47<\/td><td class=\"column-4\">3.27<\/td><td class=\"column-5\">1.61<\/td><td class=\"column-6\">1.7<\/td><td class=\"column-7\">1.81<\/td>\n<\/tr>\n<tr class=\"row-7 odd\">\n\t<td class=\"column-1\">50CS470<\/td><td class=\"column-2\">43<\/td><td class=\"column-3\">1.59<\/td><td class=\"column-4\">3.5<\/td><td class=\"column-5\">1.63<\/td><td class=\"column-6\">1.71<\/td><td class=\"column-7\">1.82<\/td>\n<\/tr>\n<tr class=\"row-8 even\">\n\t<td class=\"column-1\">50CS530<\/td><td class=\"column-2\">38<\/td><td class=\"column-3\">1.7<\/td><td class=\"column-4\">3.75<\/td><td class=\"column-5\">1.63<\/td><td class=\"column-6\">1.71<\/td><td class=\"column-7\">1.82<\/td>\n<\/tr>\n<tr class=\"row-9 odd\">\n\t<td class=\"column-1\">50CS600<\/td><td class=\"column-2\">34<\/td><td class=\"column-3\">1.87<\/td><td class=\"column-4\">4.09<\/td><td class=\"column-5\">1.63<\/td><td class=\"column-6\">1.71<\/td><td class=\"column-7\">1.82<\/td>\n<\/tr>\n<tr class=\"row-10 even\">\n\t<td class=\"column-1\">50CS700<\/td><td class=\"column-2\">29<\/td><td class=\"column-3\">2.11<\/td><td class=\"column-4\">4.73<\/td><td class=\"column-5\">1.64<\/td><td class=\"column-6\">1.72<\/td><td class=\"column-7\">1.83<\/td>\n<\/tr>\n<tr class=\"row-11 odd\">\n\t<td class=\"column-1\">50CS800<\/td><td class=\"column-2\">32<\/td><td class=\"column-3\">2.44<\/td><td class=\"column-4\">5.33<\/td><td class=\"column-5\">1.64<\/td><td class=\"column-6\">1.72<\/td><td class=\"column-7\">1.83<\/td>\n<\/tr>\n<tr class=\"row-12 even\">\n\t<td class=\"column-1\">50CS1000<\/td><td class=\"column-2\">26<\/td><td class=\"column-3\">2.82<\/td><td class=\"column-4\">6.05<\/td><td class=\"column-5\">1.66<\/td><td class=\"column-6\">1.74<\/td><td class=\"column-7\">1.85<\/td>\n<\/tr>\n<tr class=\"row-13 odd\">\n\t<td class=\"column-1\">65CS470<\/td><td class=\"column-2\">44<\/td><td class=\"column-3\">1.65<\/td><td class=\"column-4\">3.72<\/td><td class=\"column-5\">1.61<\/td><td class=\"column-6\">1.69<\/td><td class=\"column-7\">1.81<\/td>\n<\/tr>\n<tr class=\"row-14 even\">\n\t<td class=\"column-1\">65CS600<\/td><td class=\"column-2\">29<\/td><td class=\"column-3\">1.81<\/td><td class=\"column-4\">4.12<\/td><td class=\"column-5\">1.63<\/td><td class=\"column-6\">1.71<\/td><td class=\"column-7\">1.82<\/td>\n<\/tr>\n<tr class=\"row-15 odd\">\n\t<td class=\"column-1\">65CS700<\/td><td class=\"column-2\">29<\/td><td class=\"column-3\">2.33<\/td><td class=\"column-4\">5.18<\/td><td class=\"column-5\">1.66<\/td><td class=\"column-6\">1.72<\/td><td class=\"column-7\">1.85<\/td>\n<\/tr>\n<tr class=\"row-16 even\">\n\t<td class=\"column-1\">65CS800<\/td><td class=\"column-2\">29<\/td><td class=\"column-3\">2.53<\/td><td class=\"column-4\">5.77<\/td><td class=\"column-5\">1.64<\/td><td class=\"column-6\">1.72<\/td><td class=\"column-7\">1.83<\/td>\n<\/tr>\n<tr class=\"row-17 odd\">\n\t<td class=\"column-1\">65CS1000<\/td><td class=\"column-2\">27<\/td><td class=\"column-3\">3.06<\/td><td class=\"column-4\">6.64<\/td><td class=\"column-5\">1.66<\/td><td class=\"column-6\">1.74<\/td><td class=\"column-7\">1.85<\/td>\n<\/tr>\n<\/tbody>\n<\/table>\n\n<\/div><!-- #tablepress-4 from cache --><\/div>\t\t\t\t<\/div>\n\t\t\t\t<\/div>\n\t\t\t\t\t<\/div>\n\t\t<\/div>\n\t\t\t\t\t<\/div>\n\t\t<\/section>\n\t\t\t\t<\/div>","protected":false},"excerpt":{"rendered":"<p>Non-grain oriented electrical steel sheets It usually has 2 to 3.5% silicon and has similar magnetic properties in all directions in the sheet. This type of sheet is mainly used for motors, generators, dynamos, ballasts, small transformers and other types of electromagnetic devices.<\/p>","protected":false},"author":2,"featured_media":0,"parent":0,"menu_order":0,"comment_status":"closed","ping_status":"closed","template":"elementor_theme","meta":{"footnotes":""},"class_list":["post-186","page","type-page","status-publish","hentry"],"_links":{"self":[{"href":"https:\/\/amimetal.com.tr\/tr\/wp-json\/wp\/v2\/pages\/186","targetHints":{"allow":["GET"]}}],"collection":[{"href":"https:\/\/amimetal.com.tr\/tr\/wp-json\/wp\/v2\/pages"}],"about":[{"href":"https:\/\/amimetal.com.tr\/tr\/wp-json\/wp\/v2\/types\/page"}],"author":[{"embeddable":true,"href":"https:\/\/amimetal.com.tr\/tr\/wp-json\/wp\/v2\/users\/2"}],"replies":[{"embeddable":true,"href":"https:\/\/amimetal.com.tr\/tr\/wp-json\/wp\/v2\/comments?post=186"}],"version-history":[{"count":10,"href":"https:\/\/amimetal.com.tr\/tr\/wp-json\/wp\/v2\/pages\/186\/revisions"}],"predecessor-version":[{"id":198,"href":"https:\/\/amimetal.com.tr\/tr\/wp-json\/wp\/v2\/pages\/186\/revisions\/198"}],"wp:attachment":[{"href":"https:\/\/amimetal.com.tr\/tr\/wp-json\/wp\/v2\/media?parent=186"}],"curies":[{"name":"wp","href":"https:\/\/api.w.org\/{rel}","templated":true}]}}