{"id":134,"date":"2022-09-03T17:45:56","date_gmt":"2022-09-03T17:45:56","guid":{"rendered":"http:\/\/www.amimetal.com.tr\/?page_id=134"},"modified":"2022-09-14T07:54:31","modified_gmt":"2022-09-14T07:54:31","slug":"grain-oriented-electrical-steel-sheets","status":"publish","type":"page","link":"https:\/\/amimetal.com.tr\/tr\/grain-oriented-electrical-steel-sheets\/","title":{"rendered":"tah\u0131l odakl\u0131 elektrikli \u00e7elik saclar"},"content":{"rendered":"<div data-elementor-type=\"wp-page\" data-elementor-id=\"134\" class=\"elementor elementor-134\" data-elementor-post-type=\"page\">\n\t\t\t\t\t\t<section class=\"elementor-section elementor-top-section elementor-element elementor-element-799877a elementor-section-boxed elementor-section-height-default elementor-section-height-default\" data-id=\"799877a\" data-element_type=\"section\" data-settings=\"{&quot;ekit_has_onepagescroll_dot&quot;:&quot;yes&quot;}\">\n\t\t\t\t\t\t<div class=\"elementor-container elementor-column-gap-default\">\n\t\t\t\t\t<div class=\"elementor-column elementor-col-100 elementor-top-column elementor-element elementor-element-d916214\" data-id=\"d916214\" data-element_type=\"column\">\n\t\t\t<div class=\"elementor-widget-wrap elementor-element-populated\">\n\t\t\t\t\t\t<div class=\"elementor-element elementor-element-f578090 elementor-widget elementor-widget-spacer\" data-id=\"f578090\" data-element_type=\"widget\" data-settings=\"{&quot;ekit_we_effect_on&quot;:&quot;none&quot;}\" data-widget_type=\"spacer.default\">\n\t\t\t\t<div class=\"elementor-widget-container\">\n\t\t\t\t\t\t\t<div class=\"elementor-spacer\">\n\t\t\t<div class=\"elementor-spacer-inner\"><\/div>\n\t\t<\/div>\n\t\t\t\t\t\t<\/div>\n\t\t\t\t<\/div>\n\t\t\t\t<div class=\"elementor-element elementor-element-309876f elementor-headline--style-highlight elementor-widget elementor-widget-animated-headline\" data-id=\"309876f\" data-element_type=\"widget\" data-settings=\"{&quot;marker&quot;:&quot;underline_zigzag&quot;,&quot;highlighted_text&quot;:&quot;Grain oriented&quot;,&quot;headline_style&quot;:&quot;highlight&quot;,&quot;loop&quot;:&quot;yes&quot;,&quot;highlight_animation_duration&quot;:1200,&quot;highlight_iteration_delay&quot;:8000,&quot;ekit_we_effect_on&quot;:&quot;none&quot;}\" data-widget_type=\"animated-headline.default\">\n\t\t\t\t<div class=\"elementor-widget-container\">\n\t\t\t\t\t\t\t<h2 class=\"elementor-headline\">\n\t\t\t\t<span class=\"elementor-headline-dynamic-wrapper elementor-headline-text-wrapper\">\n\t\t\t\t\t<span class=\"elementor-headline-dynamic-text elementor-headline-text-active\">tah\u0131l odakl\u0131<\/span>\n\t\t\t\t<\/span>\n\t\t\t\t\t<span class=\"elementor-headline-plain-text elementor-headline-text-wrapper\"> elektrikli \u00e7elik saclar<\/span>\n\t\t\t\t\t<\/h2>\n\t\t\t\t\t\t<\/div>\n\t\t\t\t<\/div>\n\t\t\t\t<div class=\"elementor-element elementor-element-713f40d elementor-widget elementor-widget-spacer\" data-id=\"713f40d\" data-element_type=\"widget\" data-settings=\"{&quot;ekit_we_effect_on&quot;:&quot;none&quot;}\" data-widget_type=\"spacer.default\">\n\t\t\t\t<div class=\"elementor-widget-container\">\n\t\t\t\t\t\t\t<div class=\"elementor-spacer\">\n\t\t\t<div class=\"elementor-spacer-inner\"><\/div>\n\t\t<\/div>\n\t\t\t\t\t\t<\/div>\n\t\t\t\t<\/div>\n\t\t\t\t\t<\/div>\n\t\t<\/div>\n\t\t\t\t\t<\/div>\n\t\t<\/section>\n\t\t\t\t<section class=\"elementor-section elementor-top-section elementor-element elementor-element-6273a5c elementor-section-boxed elementor-section-height-default elementor-section-height-default\" data-id=\"6273a5c\" data-element_type=\"section\" data-settings=\"{&quot;ekit_has_onepagescroll_dot&quot;:&quot;yes&quot;}\">\n\t\t\t\t\t\t<div class=\"elementor-container elementor-column-gap-default\">\n\t\t\t\t\t<div class=\"elementor-column elementor-col-100 elementor-top-column elementor-element elementor-element-d3e64e1\" data-id=\"d3e64e1\" data-element_type=\"column\">\n\t\t\t<div class=\"elementor-widget-wrap elementor-element-populated\">\n\t\t\t\t\t\t<div class=\"elementor-element elementor-element-80005ed elementor-widget elementor-widget-elementskit-tablepress\" data-id=\"80005ed\" data-element_type=\"widget\" data-settings=\"{&quot;ekit_we_effect_on&quot;:&quot;none&quot;}\" data-widget_type=\"elementskit-tablepress.default\">\n\t\t\t\t<div class=\"elementor-widget-container\">\n\t\t\t\t\t<div class=\"elemenetskit-tablepress ekit-wid-con\" id=\"ekit_tablepress_80005ed\"><div id=\"tablepress-2-scroll-wrapper\" class=\"tablepress-scroll-wrapper\">\n\n<table id=\"tablepress-2\" class=\"tablepress tablepress-id-2 tablepress-responsive\">\n<thead>\n<tr class=\"row-1 odd\">\n\t<th colspan=\"3\" class=\"column-1\">So\u011fuk Haddelenmi\u015f Tah\u0131l Odakl\u0131<\/th>\n<\/tr>\n<\/thead>\n<tbody class=\"row-hover\">\n<tr class=\"row-2 even\">\n\t<td class=\"column-1\">Seviye<\/td><td class=\"column-2\">Kal\u0131nl\u0131k (mm)<\/td><td class=\"column-3\">\u00c7ekirdek Kay\u0131plar (w\/Kg)<br \/>\n1.7T\/50Hz<\/td>\n<\/tr>\n<tr class=\"row-3 odd\">\n\t<td class=\"column-1\">M3<\/td><td class=\"column-2\">0.23<\/td><td class=\"column-3\">0.9<\/td>\n<\/tr>\n<tr class=\"row-4 even\">\n\t<td class=\"column-1\">M4<\/td><td class=\"column-2\">0.27<\/td><td class=\"column-3\">1.12<\/td>\n<\/tr>\n<tr class=\"row-5 odd\">\n\t<td class=\"column-1\">M5<\/td><td class=\"column-2\">0.3<\/td><td class=\"column-3\">1.3<\/td>\n<\/tr>\n<tr class=\"row-6 even\">\n\t<td class=\"column-1\">M6<\/td><td class=\"column-2\">0.35<\/td><td class=\"column-3\">1.45<\/td>\n<\/tr>\n<tr class=\"row-7 odd\">\n\t<td class=\"column-1\">23ZDKH85<\/td><td class=\"column-2\">0.23<\/td><td class=\"column-3\">0.85<\/td>\n<\/tr>\n<tr class=\"row-8 even\">\n\t<td class=\"column-1\">27ZDKH90<\/td><td class=\"column-2\">0.27<\/td><td class=\"column-3\">0.9<\/td>\n<\/tr>\n<tr class=\"row-9 odd\">\n\t<td class=\"column-1\">23M-OH<\/td><td class=\"column-2\">0.23<\/td><td class=\"column-3\">1<\/td>\n<\/tr>\n<tr class=\"row-10 even\">\n\t<td class=\"column-1\">TCH-0<\/td><td class=\"column-2\">0.23<\/td><td class=\"column-3\">0.9<\/td>\n<\/tr>\n<tr class=\"row-11 odd\">\n\t<td class=\"column-1\">TCH-1<\/td><td class=\"column-2\">0.27<\/td><td class=\"column-3\">1<\/td>\n<\/tr>\n<\/tbody>\n<\/table>\n\n<\/div><!-- #tablepress-2 from cache --><\/div>\t\t\t\t<\/div>\n\t\t\t\t<\/div>\n\t\t\t\t\t<\/div>\n\t\t<\/div>\n\t\t\t\t\t<\/div>\n\t\t<\/section>\n\t\t\t\t<section class=\"elementor-section elementor-top-section elementor-element elementor-element-3cdd7e3 elementor-section-boxed elementor-section-height-default elementor-section-height-default\" data-id=\"3cdd7e3\" data-element_type=\"section\" data-settings=\"{&quot;ekit_has_onepagescroll_dot&quot;:&quot;yes&quot;}\">\n\t\t\t\t\t\t<div class=\"elementor-container elementor-column-gap-default\">\n\t\t\t\t\t<div class=\"elementor-column elementor-col-100 elementor-top-column elementor-element elementor-element-5c1f36d\" data-id=\"5c1f36d\" data-element_type=\"column\">\n\t\t\t<div class=\"elementor-widget-wrap elementor-element-populated\">\n\t\t\t\t\t\t<div class=\"elementor-element elementor-element-b5a9408 elementor-widget elementor-widget-spacer\" data-id=\"b5a9408\" data-element_type=\"widget\" data-settings=\"{&quot;ekit_we_effect_on&quot;:&quot;none&quot;}\" data-widget_type=\"spacer.default\">\n\t\t\t\t<div class=\"elementor-widget-container\">\n\t\t\t\t\t\t\t<div class=\"elementor-spacer\">\n\t\t\t<div class=\"elementor-spacer-inner\"><\/div>\n\t\t<\/div>\n\t\t\t\t\t\t<\/div>\n\t\t\t\t<\/div>\n\t\t\t\t<div class=\"elementor-element elementor-element-ddaf6d1 elementor-widget elementor-widget-heading\" data-id=\"ddaf6d1\" data-element_type=\"widget\" data-settings=\"{&quot;ekit_we_effect_on&quot;:&quot;none&quot;}\" data-widget_type=\"heading.default\">\n\t\t\t\t<div class=\"elementor-widget-container\">\n\t\t\t\t\t<h2 class=\"elementor-heading-title elementor-size-default\">PG-\u00c7ekirdek S\u0131n\u0131fland\u0131rmas\u0131<\/h2>\t\t\t\t<\/div>\n\t\t\t\t<\/div>\n\t\t\t\t<div class=\"elementor-element elementor-element-8efe4d7 elementor-widget elementor-widget-text-editor\" data-id=\"8efe4d7\" data-element_type=\"widget\" data-settings=\"{&quot;ekit_we_effect_on&quot;:&quot;none&quot;}\" data-widget_type=\"text-editor.default\">\n\t\t\t\t<div class=\"elementor-widget-container\">\n\t\t\t\t\t\t\t\t\t<p>Kolay manyetizasyon i\u00e7in tane, yuvarlanma y\u00f6n\u00fc ile hizalan\u0131r. Bu nedenle, bu \u00fcr\u00fcn haddeleme y\u00f6n\u00fcnde m\u00fckemmel manyetik \u00f6zelliklere sahiptir. B\u00fcy\u00fck ve k\u00fc\u00e7\u00fck boyutlu transformat\u00f6rler i\u00e7in yayg\u0131n olarak kullan\u0131l\u0131r.<\/p>\t\t\t\t\t\t\t\t<\/div>\n\t\t\t\t<\/div>\n\t\t\t\t<div class=\"elementor-element elementor-element-b8b68a9 elementor-widget elementor-widget-spacer\" data-id=\"b8b68a9\" data-element_type=\"widget\" data-settings=\"{&quot;ekit_we_effect_on&quot;:&quot;none&quot;}\" data-widget_type=\"spacer.default\">\n\t\t\t\t<div class=\"elementor-widget-container\">\n\t\t\t\t\t\t\t<div class=\"elementor-spacer\">\n\t\t\t<div class=\"elementor-spacer-inner\"><\/div>\n\t\t<\/div>\n\t\t\t\t\t\t<\/div>\n\t\t\t\t<\/div>\n\t\t\t\t\t<\/div>\n\t\t<\/div>\n\t\t\t\t\t<\/div>\n\t\t<\/section>\n\t\t\t\t<section class=\"elementor-section elementor-top-section elementor-element elementor-element-2dbeb56 elementor-section-boxed elementor-section-height-default elementor-section-height-default\" data-id=\"2dbeb56\" data-element_type=\"section\" data-settings=\"{&quot;ekit_has_onepagescroll_dot&quot;:&quot;yes&quot;}\">\n\t\t\t\t\t\t<div class=\"elementor-container elementor-column-gap-default\">\n\t\t\t\t\t<div class=\"elementor-column elementor-col-100 elementor-top-column elementor-element elementor-element-bb88753\" data-id=\"bb88753\" data-element_type=\"column\">\n\t\t\t<div class=\"elementor-widget-wrap elementor-element-populated\">\n\t\t\t\t\t\t<div class=\"elementor-element elementor-element-fe4ab3c elementor-widget elementor-widget-elementskit-tablepress\" data-id=\"fe4ab3c\" data-element_type=\"widget\" data-settings=\"{&quot;ekit_we_effect_on&quot;:&quot;none&quot;}\" data-widget_type=\"elementskit-tablepress.default\">\n\t\t\t\t<div class=\"elementor-widget-container\">\n\t\t\t\t\t<div class=\"elemenetskit-tablepress ekit-wid-con\" id=\"ekit_tablepress_fe4ab3c\">\n<table id=\"tablepress-1\" class=\"tablepress tablepress-id-1 tablepress-responsive\">\n<thead>\n<tr class=\"row-1 odd\">\n\t<th colspan=\"6\" class=\"column-1\">Standart Boyutlar<\/th>\n<\/tr>\n<\/thead>\n<tbody class=\"row-hover\">\n<tr class=\"row-2 even\">\n\t<td rowspan=\"2\" class=\"column-1\">s\u0131n\u0131fland\u0131rma<\/td><td rowspan=\"2\" class=\"column-2\">Seviye<\/td><td rowspan=\"2\" class=\"column-3\">Kal\u0131nl\u0131k (mm)<\/td><td colspan=\"2\" class=\"column-4\">geni\u015flik (mm)<\/td><td rowspan=\"2\" class=\"column-6\">\u0130\u00e7 Bobin \u00c7ap\u0131 (mm)<\/td>\n<\/tr>\n<tr class=\"row-3 odd\">\n\t<td class=\"column-4\">Mevcut Geni\u015flik<\/td><td class=\"column-5\">Standart Geni\u015flik<\/td>\n<\/tr>\n<tr class=\"row-4 even\">\n\t<td rowspan=\"9\" class=\"column-1\">PG-\u00c7ekirdek<\/td><td class=\"column-2\">27PG110<\/td><td rowspan=\"3\" class=\"column-3\">0.27<\/td><td rowspan=\"9\" class=\"column-4\">850-1000<\/td><td rowspan=\"9\" class=\"column-5\">1000<\/td><td rowspan=\"9\" class=\"column-6\">508-520 Standart:508<\/td>\n<\/tr>\n<tr class=\"row-5 odd\">\n\t<td class=\"column-2\">27PG120<\/td>\n<\/tr>\n<tr class=\"row-6 even\">\n\t<td class=\"column-2\">27PG130<\/td>\n<\/tr>\n<tr class=\"row-7 odd\">\n\t<td class=\"column-2\">30PG110<\/td><td rowspan=\"3\" class=\"column-3\">0.3<\/td>\n<\/tr>\n<tr class=\"row-8 even\">\n\t<td class=\"column-2\">30PG120<\/td>\n<\/tr>\n<tr class=\"row-9 odd\">\n\t<td class=\"column-2\">30PG130<\/td>\n<\/tr>\n<tr class=\"row-10 even\">\n\t<td class=\"column-2\">30PG140<\/td><td rowspan=\"3\" class=\"column-3\">0.35<\/td>\n<\/tr>\n<tr class=\"row-11 odd\">\n\t<td class=\"column-2\">30PG145<\/td>\n<\/tr>\n<tr class=\"row-12 even\">\n\t<td class=\"column-2\">30PG155<\/td>\n<\/tr>\n<\/tbody>\n<\/table>\n<!-- #tablepress-1 from cache --><\/div>\t\t\t\t<\/div>\n\t\t\t\t<\/div>\n\t\t\t\t<div class=\"elementor-element elementor-element-fb0550d elementor-widget elementor-widget-spacer\" data-id=\"fb0550d\" data-element_type=\"widget\" data-settings=\"{&quot;ekit_we_effect_on&quot;:&quot;none&quot;}\" data-widget_type=\"spacer.default\">\n\t\t\t\t<div class=\"elementor-widget-container\">\n\t\t\t\t\t\t\t<div class=\"elementor-spacer\">\n\t\t\t<div class=\"elementor-spacer-inner\"><\/div>\n\t\t<\/div>\n\t\t\t\t\t\t<\/div>\n\t\t\t\t<\/div>\n\t\t\t\t<div class=\"elementor-element elementor-element-a43b37c elementor-widget elementor-widget-heading\" data-id=\"a43b37c\" data-element_type=\"widget\" data-settings=\"{&quot;ekit_we_effect_on&quot;:&quot;none&quot;}\" data-widget_type=\"heading.default\">\n\t\t\t\t<div class=\"elementor-widget-container\">\n\t\t\t\t\t<h2 class=\"elementor-heading-title elementor-size-default\">PH-\u00c7ekirdek S\u0131n\u0131fland\u0131rmas\u0131\n<\/h2>\t\t\t\t<\/div>\n\t\t\t\t<\/div>\n\t\t\t\t<div class=\"elementor-element elementor-element-2281aef elementor-widget elementor-widget-text-editor\" data-id=\"2281aef\" data-element_type=\"widget\" data-settings=\"{&quot;ekit_we_effect_on&quot;:&quot;none&quot;}\" data-widget_type=\"text-editor.default\">\n\t\t\t\t<div class=\"elementor-widget-container\">\n\t\t\t\t\t\t\t\t\tBu tip tah\u0131l y\u00f6nelimli, daha d\u00fc\u015f\u00fck \u00e7ekirdek kay\u0131plar\u0131na ve daha y\u00fcksek end\u00fcktansa sahip olup, her boyuttaki her t\u00fcr y\u00fcksek g\u00fc\u00e7l\u00fc trafo \u00e7ekirde\u011fi i\u00e7in kullan\u0131l\u0131r ve makinelerin boyutunu k\u00fc\u00e7\u00fcltmek i\u00e7in verimli ve kullan\u0131\u015fl\u0131d\u0131r.\n\t\t\t\t\t\t\t\t<\/div>\n\t\t\t\t<\/div>\n\t\t\t\t<div class=\"elementor-element elementor-element-a4b4224 elementor-widget elementor-widget-spacer\" data-id=\"a4b4224\" data-element_type=\"widget\" data-settings=\"{&quot;ekit_we_effect_on&quot;:&quot;none&quot;}\" data-widget_type=\"spacer.default\">\n\t\t\t\t<div class=\"elementor-widget-container\">\n\t\t\t\t\t\t\t<div class=\"elementor-spacer\">\n\t\t\t<div class=\"elementor-spacer-inner\"><\/div>\n\t\t<\/div>\n\t\t\t\t\t\t<\/div>\n\t\t\t\t<\/div>\n\t\t\t\t<div class=\"elementor-element elementor-element-9971aac elementor-widget elementor-widget-elementskit-tablepress\" data-id=\"9971aac\" data-element_type=\"widget\" data-settings=\"{&quot;ekit_we_effect_on&quot;:&quot;none&quot;}\" data-widget_type=\"elementskit-tablepress.default\">\n\t\t\t\t<div class=\"elementor-widget-container\">\n\t\t\t\t\t<div class=\"elemenetskit-tablepress ekit-wid-con\" id=\"ekit_tablepress_9971aac\">\n<table id=\"tablepress-3\" class=\"tablepress tablepress-id-3 tablepress-responsive\">\n<thead>\n<tr class=\"row-1 odd\">\n\t<th colspan=\"6\" class=\"column-1\">Standart Boyutlar<\/th>\n<\/tr>\n<\/thead>\n<tbody class=\"row-hover\">\n<tr class=\"row-2 even\">\n\t<td rowspan=\"2\" class=\"column-1\">s\u0131n\u0131fland\u0131rma<\/td><td rowspan=\"2\" class=\"column-2\">Seviye<\/td><td rowspan=\"2\" class=\"column-3\">Kal\u0131nl\u0131k (mm)<\/td><td colspan=\"2\" class=\"column-4\">geni\u015flik (mm)<\/td><td rowspan=\"2\" class=\"column-6\">\u0130\u00e7 Bobin \u00c7ap\u0131 (mm)<\/td>\n<\/tr>\n<tr class=\"row-3 odd\">\n\t<td class=\"column-4\">Mevcut Geni\u015flik<\/td><td class=\"column-5\">Standart Geni\u015flik<\/td>\n<\/tr>\n<tr class=\"row-4 even\">\n\t<td rowspan=\"14\" class=\"column-1\">PH-\u00c7ekirdek<\/td><td class=\"column-2\">23PHD080<\/td><td rowspan=\"5\" class=\"column-3\">0.23<\/td><td rowspan=\"14\" class=\"column-4\">850-1000<\/td><td rowspan=\"14\" class=\"column-5\">1000 PHD :950<\/td><td rowspan=\"14\" class=\"column-6\">508-520 Standart:508<\/td>\n<\/tr>\n<tr class=\"row-5 odd\">\n\t<td class=\"column-2\">23PHD085<\/td>\n<\/tr>\n<tr class=\"row-6 even\">\n\t<td class=\"column-2\">23PH090<\/td>\n<\/tr>\n<tr class=\"row-7 odd\">\n\t<td class=\"column-2\">23PH095<\/td>\n<\/tr>\n<tr class=\"row-8 even\">\n\t<td class=\"column-2\">23PH100<\/td>\n<\/tr>\n<tr class=\"row-9 odd\">\n\t<td class=\"column-2\">27PHD090<\/td><td rowspan=\"4\" class=\"column-3\">0.27<\/td>\n<\/tr>\n<tr class=\"row-10 even\">\n\t<td class=\"column-2\">27PHD095<\/td>\n<\/tr>\n<tr class=\"row-11 odd\">\n\t<td class=\"column-2\">27PH09<\/td>\n<\/tr>\n<tr class=\"row-12 even\">\n\t<td class=\"column-2\">27PH100<\/td>\n<\/tr>\n<tr class=\"row-13 odd\">\n\t<td class=\"column-2\">30PH100<\/td><td rowspan=\"2\" class=\"column-3\">0.3<\/td>\n<\/tr>\n<tr class=\"row-14 even\">\n\t<td class=\"column-2\">30PH105<\/td>\n<\/tr>\n<tr class=\"row-15 odd\">\n\t<td class=\"column-2\">35PH115<\/td><td rowspan=\"3\" class=\"column-3\">0.37<\/td>\n<\/tr>\n<tr class=\"row-16 even\">\n\t<td class=\"column-2\">35PH125<\/td>\n<\/tr>\n<tr class=\"row-17 odd\">\n\t<td class=\"column-2\">35PH135<\/td>\n<\/tr>\n<\/tbody>\n<\/table>\n<!-- #tablepress-3 from cache --><\/div>\t\t\t\t<\/div>\n\t\t\t\t<\/div>\n\t\t\t\t\t<\/div>\n\t\t<\/div>\n\t\t\t\t\t<\/div>\n\t\t<\/section>\n\t\t\t\t<\/div>","protected":false},"excerpt":{"rendered":"<p>Grain oriented electrical steel sheets PG-Core Classification For easy magnetization, the grain is aligned with the rolling direction. Therefore, this product has excellent magnetic properties in the rolling direction. It is Widely used for large and small size transformers. PH-Core Classification This type of grain oriented has lower core losses and higher inductance, which is [&hellip;]<\/p>","protected":false},"author":2,"featured_media":0,"parent":0,"menu_order":0,"comment_status":"closed","ping_status":"closed","template":"elementor_theme","meta":{"footnotes":""},"class_list":["post-134","page","type-page","status-publish","hentry"],"_links":{"self":[{"href":"https:\/\/amimetal.com.tr\/tr\/wp-json\/wp\/v2\/pages\/134","targetHints":{"allow":["GET"]}}],"collection":[{"href":"https:\/\/amimetal.com.tr\/tr\/wp-json\/wp\/v2\/pages"}],"about":[{"href":"https:\/\/amimetal.com.tr\/tr\/wp-json\/wp\/v2\/types\/page"}],"author":[{"embeddable":true,"href":"https:\/\/amimetal.com.tr\/tr\/wp-json\/wp\/v2\/users\/2"}],"replies":[{"embeddable":true,"href":"https:\/\/amimetal.com.tr\/tr\/wp-json\/wp\/v2\/comments?post=134"}],"version-history":[{"count":40,"href":"https:\/\/amimetal.com.tr\/tr\/wp-json\/wp\/v2\/pages\/134\/revisions"}],"predecessor-version":[{"id":185,"href":"https:\/\/amimetal.com.tr\/tr\/wp-json\/wp\/v2\/pages\/134\/revisions\/185"}],"wp:attachment":[{"href":"https:\/\/amimetal.com.tr\/tr\/wp-json\/wp\/v2\/media?parent=134"}],"curies":[{"name":"wp","href":"https:\/\/api.w.org\/{rel}","templated":true}]}}